{"id":365,"date":"2023-12-20T15:21:18","date_gmt":"2023-12-20T15:21:18","guid":{"rendered":"http:\/\/msm.local\/?page_id=365"},"modified":"2024-05-30T13:31:03","modified_gmt":"2024-05-30T13:31:03","slug":"personnalisez-votre-devis","status":"publish","type":"page","link":"https:\/\/msmmartinique.com\/en\/personnalisez-votre-devis\/","title":{"rendered":"Personalize your quote"},"content":{"rendered":"<div data-elementor-type=\"wp-page\" data-elementor-id=\"365\" class=\"elementor elementor-365\">\n\t\t\t\t<div class=\"elementor-element elementor-element-461c88c e-con-full e-flex e-con e-parent\" data-id=\"461c88c\" data-element_type=\"container\">\n\t\t\t\t<div class=\"elementor-element elementor-element-1cba4af elementor-widget__width-initial elementor-widget-tablet__width-initial elementor-widget-mobile__width-initial elementor-widget-tablet_extra__width-initial elementor-widget elementor-widget-heading\" data-id=\"1cba4af\" data-element_type=\"widget\" data-widget_type=\"heading.default\">\n\t\t\t\t<div class=\"elementor-widget-container\">\n\t\t\t\t\t<p class=\"elementor-heading-title elementor-size-default\">PERSONALIZE YOUR QUOTE\u200b<\/p>\t\t\t\t<\/div>\n\t\t\t\t<\/div>\n\t\t\t\t<div class=\"elementor-element elementor-element-94bedeb elementor-widget elementor-widget-wpforms\" data-id=\"94bedeb\" data-element_type=\"widget\" data-widget_type=\"wpforms.default\">\n\t\t\t\t<div class=\"elementor-widget-container\">\n\t\t\t\t\t<style id=\"wpforms-css-vars-elementor-widget-94bedeb\">\n\t\t\t\t.elementor-widget-wpforms.elementor-element-94bedeb {\n\t\t\t\t--wpforms-button-border-radius: 5px;\n--wpforms-button-background-color: #E7792B;\n--wpforms-button-text-color: #FFFFFF;\n\t\t\t}\n\t\t\t<\/style><div class=\"wpforms-container wpforms-container-full wpforms-render-modern\" id=\"wpforms-2371\"><form id=\"wpforms-form-2371\" class=\"wpforms-validate wpforms-form wpforms-ajax-form\" data-formid=\"2371\" method=\"post\" enctype=\"multipart\/form-data\" action=\"\/en\/wp-json\/wp\/v2\/pages\/365\" data-token=\"a9d7477e9d1620c09308341d4a5535d4\" data-token-time=\"1775754913\" data-trp-original-action=\"\/en\/wp-json\/wp\/v2\/pages\/365\"><noscript class=\"wpforms-error-noscript\">Please enable JavaScript in your browser to complete this form.<\/noscript><div id=\"wpforms-error-noscript\" style=\"display: none;\">Please enable JavaScript in your browser to complete this form.<\/div><div class=\"wpforms-field-container\"><div id=\"wpforms-2371-field_1-container\" class=\"wpforms-field wpforms-field-name\" data-field-id=\"1\"><label class=\"wpforms-field-label\" for=\"wpforms-2371-field_1\">Last name &amp; First Name  <span class=\"wpforms-required-label\" aria-hidden=\"true\">*<\/span><\/label><input type=\"text\" id=\"wpforms-2371-field_1\" class=\"wpforms-field-medium wpforms-field-required\" name=\"wpforms[fields][1]\" aria-errormessage=\"wpforms-2371-field_1-error\" required><\/div><div id=\"wpforms-2371-field_13-container\" class=\"wpforms-field wpforms-field-name\" data-field-id=\"13\"><label class=\"wpforms-field-label\" for=\"wpforms-2371-field_13\">Num\u00e9ro de t\u00e9l\u00e9phone  <span class=\"wpforms-required-label\" aria-hidden=\"true\">*<\/span><\/label><input type=\"text\" id=\"wpforms-2371-field_13\" class=\"wpforms-field-medium wpforms-field-required\" name=\"wpforms[fields][13]\" aria-errormessage=\"wpforms-2371-field_13-error\" required><\/div><div id=\"wpforms-2371-field_14-container\" class=\"wpforms-field wpforms-field-name\" data-field-id=\"14\"><label class=\"wpforms-field-label\" for=\"wpforms-2371-field_14\">Address <\/label><input type=\"text\" id=\"wpforms-2371-field_14\" class=\"wpforms-field-medium\" name=\"wpforms[fields][14]\" aria-errormessage=\"wpforms-2371-field_14-error\" ><\/div><div id=\"wpforms-2371-field_9-container\" class=\"wpforms-field wpforms-field-email\" data-field-id=\"9\"><label class=\"wpforms-field-label\" for=\"wpforms-2371-field_9\">E-mail<\/label><input type=\"email\" id=\"wpforms-2371-field_9\" class=\"wpforms-field-medium\" name=\"wpforms[fields][9]\" spellcheck=\"false\" aria-errormessage=\"wpforms-2371-field_9-error\" ><\/div><div id=\"wpforms-2371-field_12-container\" class=\"wpforms-field wpforms-field-radio\" data-field-id=\"12\"><fieldset><legend class=\"wpforms-field-label\">Product<\/legend><ul id=\"wpforms-2371-field_12\"><li class=\"choice-5 depth-1\"><input type=\"radio\" id=\"wpforms-2371-field_12_5\" name=\"wpforms[fields][12]\" value=\"La moquette de marbre\" aria-errormessage=\"wpforms-2371-field_12_5-error\"  ><label class=\"wpforms-field-label-inline\" for=\"wpforms-2371-field_12_5\">The marble carpet<\/label><\/li><li class=\"choice-1 depth-1\"><input type=\"radio\" id=\"wpforms-2371-field_12_1\" name=\"wpforms[fields][12]\" value=\"La r\u00e9sine gravionn\u00e9e\" aria-errormessage=\"wpforms-2371-field_12_1-error\"  ><label class=\"wpforms-field-label-inline\" for=\"wpforms-2371-field_12_1\">Gravel resin<\/label><\/li><li class=\"choice-2 depth-1\"><input type=\"radio\" id=\"wpforms-2371-field_12_2\" name=\"wpforms[fields][12]\" value=\"EPDM sol souple amortissant\" aria-errormessage=\"wpforms-2371-field_12_2-error\"  ><label class=\"wpforms-field-label-inline\" for=\"wpforms-2371-field_12_2\">EPDM shock-absorbing soft floor<\/label><\/li><\/ul><\/fieldset><\/div><div id=\"wpforms-2371-field_2-container\" class=\"wpforms-field wpforms-field-radio\" data-field-id=\"2\"><fieldset><legend class=\"wpforms-field-label\">Approximate surface <\/legend><ul id=\"wpforms-2371-field_2\"><li class=\"choice-5 depth-1\"><input type=\"radio\" id=\"wpforms-2371-field_2_5\" name=\"wpforms[fields][2]\" value=\"0-10 m2\" aria-errormessage=\"wpforms-2371-field_2_5-error\"  ><label class=\"wpforms-field-label-inline\" for=\"wpforms-2371-field_2_5\">0-10 m2<\/label><\/li><li class=\"choice-1 depth-1\"><input type=\"radio\" id=\"wpforms-2371-field_2_1\" name=\"wpforms[fields][2]\" value=\"10-50 m2\" aria-errormessage=\"wpforms-2371-field_2_1-error\"  ><label class=\"wpforms-field-label-inline\" for=\"wpforms-2371-field_2_1\">10-50 m2<\/label><\/li><li class=\"choice-2 depth-1\"><input type=\"radio\" id=\"wpforms-2371-field_2_2\" name=\"wpforms[fields][2]\" value=\"50-100 m2\" aria-errormessage=\"wpforms-2371-field_2_2-error\"  ><label class=\"wpforms-field-label-inline\" for=\"wpforms-2371-field_2_2\">50-100 m2<\/label><\/li><li class=\"choice-3 depth-1\"><input type=\"radio\" id=\"wpforms-2371-field_2_3\" name=\"wpforms[fields][2]\" value=\"100-150 m2\" aria-errormessage=\"wpforms-2371-field_2_3-error\"  ><label class=\"wpforms-field-label-inline\" for=\"wpforms-2371-field_2_3\">100-150 m2<\/label><\/li><li class=\"choice-4 depth-1\"><input type=\"radio\" id=\"wpforms-2371-field_2_4\" name=\"wpforms[fields][2]\" value=\"Plus de 150 m2\" aria-errormessage=\"wpforms-2371-field_2_4-error\"  ><label class=\"wpforms-field-label-inline\" for=\"wpforms-2371-field_2_4\">Plus de 150 m2<\/label><\/li><\/ul><\/fieldset><\/div><div id=\"wpforms-2371-field_10-container\" class=\"wpforms-field wpforms-field-radio\" data-field-id=\"10\"><fieldset><legend class=\"wpforms-field-label\">What is your current support <\/legend><ul id=\"wpforms-2371-field_10\"><li class=\"choice-1 depth-1\"><input type=\"radio\" id=\"wpforms-2371-field_10_1\" name=\"wpforms[fields][10]\" value=\"Dalle B\u00e9ton\" aria-errormessage=\"wpforms-2371-field_10_1-error\"  ><label class=\"wpforms-field-label-inline\" for=\"wpforms-2371-field_10_1\">Concrete slab<\/label><\/li><li class=\"choice-2 depth-1\"><input type=\"radio\" id=\"wpforms-2371-field_10_2\" name=\"wpforms[fields][10]\" value=\"Carrelage\" aria-errormessage=\"wpforms-2371-field_10_2-error\"  ><label class=\"wpforms-field-label-inline\" for=\"wpforms-2371-field_10_2\">Floor tile<\/label><\/li><li class=\"choice-3 depth-1\"><input type=\"radio\" id=\"wpforms-2371-field_10_3\" name=\"wpforms[fields][10]\" value=\"Gravier, herbre ou terre\" aria-errormessage=\"wpforms-2371-field_10_3-error\"  ><label class=\"wpforms-field-label-inline\" for=\"wpforms-2371-field_10_3\">Gravel, grass or earth<\/label><\/li><\/ul><\/fieldset><\/div><div id=\"wpforms-2371-field_11-container\" class=\"wpforms-field wpforms-field-radio\" data-field-id=\"11\"><fieldset><legend class=\"wpforms-field-label\">Preferred colors<\/legend><ul id=\"wpforms-2371-field_11\"><li class=\"choice-1 depth-1\"><input type=\"radio\" id=\"wpforms-2371-field_11_1\" name=\"wpforms[fields][11]\" value=\"Blanc\" aria-errormessage=\"wpforms-2371-field_11_1-error\"  ><label class=\"wpforms-field-label-inline\" for=\"wpforms-2371-field_11_1\">White<\/label><\/li><li class=\"choice-2 depth-1\"><input type=\"radio\" id=\"wpforms-2371-field_11_2\" name=\"wpforms[fields][11]\" value=\"Gris bleut\u00e9\" aria-errormessage=\"wpforms-2371-field_11_2-error\"  ><label class=\"wpforms-field-label-inline\" for=\"wpforms-2371-field_11_2\">Bluish gray<\/label><\/li><li class=\"choice-3 depth-1\"><input type=\"radio\" id=\"wpforms-2371-field_11_3\" name=\"wpforms[fields][11]\" value=\"Gris fonc\u00e9\" aria-errormessage=\"wpforms-2371-field_11_3-error\"  ><label class=\"wpforms-field-label-inline\" for=\"wpforms-2371-field_11_3\">Dark gray<\/label><\/li><li class=\"choice-5 depth-1\"><input type=\"radio\" id=\"wpforms-2371-field_11_5\" name=\"wpforms[fields][11]\" value=\"Bordeaux\" aria-errormessage=\"wpforms-2371-field_11_5-error\"  ><label class=\"wpforms-field-label-inline\" for=\"wpforms-2371-field_11_5\">Bordeaux<\/label><\/li><li class=\"choice-6 depth-1\"><input type=\"radio\" id=\"wpforms-2371-field_11_6\" name=\"wpforms[fields][11]\" value=\"Beige\" aria-errormessage=\"wpforms-2371-field_11_6-error\"  ><label class=\"wpforms-field-label-inline\" for=\"wpforms-2371-field_11_6\">Beige<\/label><\/li><li class=\"choice-7 depth-1\"><input type=\"radio\" id=\"wpforms-2371-field_11_7\" name=\"wpforms[fields][11]\" value=\"Beige rose\" aria-errormessage=\"wpforms-2371-field_11_7-error\"  ><label class=\"wpforms-field-label-inline\" for=\"wpforms-2371-field_11_7\">Beige pink<\/label><\/li><li class=\"choice-8 depth-1\"><input type=\"radio\" id=\"wpforms-2371-field_11_8\" name=\"wpforms[fields][11]\" value=\"Jaune\" aria-errormessage=\"wpforms-2371-field_11_8-error\"  ><label class=\"wpforms-field-label-inline\" for=\"wpforms-2371-field_11_8\">Yellow<\/label><\/li><li class=\"choice-9 depth-1\"><input type=\"radio\" id=\"wpforms-2371-field_11_9\" name=\"wpforms[fields][11]\" value=\"Rouge royal\" aria-errormessage=\"wpforms-2371-field_11_9-error\"  ><label class=\"wpforms-field-label-inline\" for=\"wpforms-2371-field_11_9\">Royal red<\/label><\/li><li class=\"choice-10 depth-1\"><input type=\"radio\" id=\"wpforms-2371-field_11_10\" name=\"wpforms[fields][11]\" value=\"Saumon\" aria-errormessage=\"wpforms-2371-field_11_10-error\"  ><label class=\"wpforms-field-label-inline\" for=\"wpforms-2371-field_11_10\">Salmon<\/label><\/li><li class=\"choice-12 depth-1\"><input type=\"radio\" id=\"wpforms-2371-field_11_12\" name=\"wpforms[fields][11]\" value=\"Marron\" aria-errormessage=\"wpforms-2371-field_11_12-error\"  ><label class=\"wpforms-field-label-inline\" for=\"wpforms-2371-field_11_12\">Brown<\/label><\/li><li class=\"choice-13 depth-1\"><input type=\"radio\" id=\"wpforms-2371-field_11_13\" name=\"wpforms[fields][11]\" value=\"Vert\" aria-errormessage=\"wpforms-2371-field_11_13-error\"  ><label class=\"wpforms-field-label-inline\" for=\"wpforms-2371-field_11_13\">Green<\/label><\/li><li class=\"choice-14 depth-1\"><input type=\"radio\" id=\"wpforms-2371-field_11_14\" name=\"wpforms[fields][11]\" value=\"Noir \u00e9b\u00e8ne\" aria-errormessage=\"wpforms-2371-field_11_14-error\"  ><label class=\"wpforms-field-label-inline\" for=\"wpforms-2371-field_11_14\">Black Ebony<\/label><\/li><\/ul><\/fieldset><\/div><div id=\"wpforms-2371-field_6-container\" class=\"wpforms-field wpforms-field-textarea\" data-field-id=\"6\"><label class=\"wpforms-field-label\" for=\"wpforms-2371-field_6\">Project description<\/label><textarea id=\"wpforms-2371-field_6\" class=\"wpforms-field-medium\" name=\"wpforms[fields][6]\" aria-errormessage=\"wpforms-2371-field_6-error\" ><\/textarea><\/div><\/div><!-- .wpforms-field-container --><div class=\"wpforms-submit-container\" ><input type=\"hidden\" name=\"wpforms[id]\" value=\"2371\"><input type=\"hidden\" name=\"page_title\" value=\"\"><input type=\"hidden\" name=\"page_url\" value=\"https:\/\/msmmartinique.com\/en\/wp-json\/wp\/v2\/pages\/365\"><input type=\"hidden\" name=\"url_referer\" value=\"\"><button type=\"submit\" name=\"wpforms[submit]\" id=\"wpforms-submit-2371\" class=\"wpforms-submit\" data-alt-text=\"Envoie en cours\" data-submit-text=\"Envoyez\" aria-live=\"assertive\" value=\"wpforms-submit\">Send<\/button><img decoding=\"async\" src=\"https:\/\/msmmartinique.com\/wp-content\/plugins\/wpforms-lite\/assets\/images\/submit-spin.svg\" class=\"wpforms-submit-spinner\" style=\"display: none;\" width=\"26\" height=\"26\" alt=\"Loading\"><\/div><input type=\"hidden\" name=\"trp-form-language\" value=\"en\"\/><\/form><\/div>  <!-- .wpforms-container -->\t\t\t\t<\/div>\n\t\t\t\t<\/div>\n\t\t\t\t<\/div>\n\t\t<div class=\"elementor-element elementor-element-d7ee111 e-flex e-con-boxed e-con e-parent\" data-id=\"d7ee111\" data-element_type=\"container\">\n\t\t\t\t\t<div class=\"e-con-inner\">\n\t\t<div class=\"elementor-element elementor-element-c31feca e-con-full e-flex e-con e-child\" data-id=\"c31feca\" data-element_type=\"container\">\n\t\t\t\t<div class=\"elementor-element elementor-element-789f8cd elementor-widget elementor-widget-heading\" data-id=\"789f8cd\" data-element_type=\"widget\" data-widget_type=\"heading.default\">\n\t\t\t\t<div class=\"elementor-widget-container\">\n\t\t\t\t\t<p class=\"elementor-heading-title elementor-size-default\">Subscribe to the newsletter !<\/p>\t\t\t\t<\/div>\n\t\t\t\t<\/div>\n\t\t\t\t<\/div>\n\t\t<div class=\"elementor-element elementor-element-3955690 e-con-full e-flex e-con e-child\" data-id=\"3955690\" data-element_type=\"container\">\n\t\t\t\t<div class=\"elementor-element elementor-element-41de0a0 elementor-widget elementor-widget-wpforms\" data-id=\"41de0a0\" data-element_type=\"widget\" data-widget_type=\"wpforms.default\">\n\t\t\t\t<div class=\"elementor-widget-container\">\n\t\t\t\t\t<style id=\"wpforms-css-vars-elementor-widget-41de0a0\">\n\t\t\t\t.elementor-widget-wpforms.elementor-element-41de0a0 {\n\t\t\t\t--wpforms-button-background-color: #000000;\n\t\t\t}\n\t\t\t<\/style><div class=\"wpforms-container wpforms-container-full wpforms-render-modern\" id=\"wpforms-682\"><form id=\"wpforms-form-682\" class=\"wpforms-validate wpforms-form wpforms-ajax-form\" data-formid=\"682\" method=\"post\" enctype=\"multipart\/form-data\" action=\"\/en\/wp-json\/wp\/v2\/pages\/365\" data-token=\"f25be2b0e23fdd38d215fbe5eaf1b04f\" data-token-time=\"1775754913\" data-trp-original-action=\"\/en\/wp-json\/wp\/v2\/pages\/365\"><noscript class=\"wpforms-error-noscript\">Please enable JavaScript in your browser to complete this form.<\/noscript><div id=\"wpforms-error-noscript\" style=\"display: none;\">Please enable JavaScript in your browser to complete this form.<\/div><div class=\"wpforms-field-container\"><div id=\"wpforms-682-field_2-container\" class=\"wpforms-field wpforms-field-email\" data-field-id=\"2\"><label class=\"wpforms-field-label\" for=\"wpforms-682-field_2\">Email <span class=\"wpforms-required-label\" aria-hidden=\"true\">*<\/span><\/label><input type=\"email\" id=\"wpforms-682-field_2\" class=\"wpforms-field-medium wpforms-field-required\" name=\"wpforms[fields][2]\" spellcheck=\"false\" aria-errormessage=\"wpforms-682-field_2-error\" required><\/div><\/div><!-- .wpforms-field-container --><div class=\"wpforms-submit-container\" ><input type=\"hidden\" name=\"wpforms[id]\" value=\"682\"><input type=\"hidden\" name=\"page_title\" value=\"\"><input type=\"hidden\" name=\"page_url\" value=\"https:\/\/msmmartinique.com\/en\/wp-json\/wp\/v2\/pages\/365\"><input type=\"hidden\" name=\"url_referer\" value=\"\"><button type=\"submit\" name=\"wpforms[submit]\" id=\"wpforms-submit-682\" class=\"wpforms-submit\" data-alt-text=\"Sending...\" data-submit-text=\"Ok\" aria-live=\"assertive\" value=\"wpforms-submit\">Ok<\/button><img decoding=\"async\" src=\"https:\/\/msmmartinique.com\/wp-content\/plugins\/wpforms-lite\/assets\/images\/submit-spin.svg\" class=\"wpforms-submit-spinner\" style=\"display: none;\" width=\"26\" height=\"26\" alt=\"Loading\"><\/div><input type=\"hidden\" name=\"trp-form-language\" value=\"en\"\/><\/form><\/div>  <!-- .wpforms-container -->\t\t\t\t<\/div>\n\t\t\t\t<\/div>\n\t\t\t\t<\/div>\n\t\t\t\t\t<\/div>\n\t\t\t\t<\/div>\n\t\t\t\t<\/div>","protected":false},"excerpt":{"rendered":"<p>PERSONNALISEZ VOTRE DEVIS\u200b Please enable JavaScript in your browser to complete this form.Please enable JavaScript in your browser to complete this form.Nom &amp; Pr\u00e9nom *Num\u00e9ro de t\u00e9l\u00e9phone *Adresse E-mail Produit La moquette de marbre La r\u00e9sine gravionn\u00e9e EPDM sol souple amortissant Surface approximatif 0-10 m2 10-50 m2 50-100 m2 100-150 m2 Plus de 150 m2 &hellip; <\/p>\n<p class=\"link-more\"><a href=\"https:\/\/msmmartinique.com\/en\/personnalisez-votre-devis\/\" class=\"more-link\">Continue reading<span class=\"screen-reader-text\"> \u00ab\u00a0Personnalisez votre devis\u00a0\u00bb<\/span><\/a><\/p>","protected":false},"author":1,"featured_media":0,"parent":0,"menu_order":0,"comment_status":"closed","ping_status":"closed","template":"elementor_header_footer","meta":{"footnotes":""},"class_list":["post-365","page","type-page","status-publish","hentry","entry"],"_links":{"self":[{"href":"https:\/\/msmmartinique.com\/en\/wp-json\/wp\/v2\/pages\/365","targetHints":{"allow":["GET"]}}],"collection":[{"href":"https:\/\/msmmartinique.com\/en\/wp-json\/wp\/v2\/pages"}],"about":[{"href":"https:\/\/msmmartinique.com\/en\/wp-json\/wp\/v2\/types\/page"}],"author":[{"embeddable":true,"href":"https:\/\/msmmartinique.com\/en\/wp-json\/wp\/v2\/users\/1"}],"replies":[{"embeddable":true,"href":"https:\/\/msmmartinique.com\/en\/wp-json\/wp\/v2\/comments?post=365"}],"version-history":[{"count":43,"href":"https:\/\/msmmartinique.com\/en\/wp-json\/wp\/v2\/pages\/365\/revisions"}],"predecessor-version":[{"id":2980,"href":"https:\/\/msmmartinique.com\/en\/wp-json\/wp\/v2\/pages\/365\/revisions\/2980"}],"wp:attachment":[{"href":"https:\/\/msmmartinique.com\/en\/wp-json\/wp\/v2\/media?parent=365"}],"curies":[{"name":"wp","href":"https:\/\/api.w.org\/{rel}","templated":true}]}}